{"id":3,"date":"2020-05-21T14:14:01","date_gmt":"2020-05-21T14:14:01","guid":{"rendered":"https:\/\/rollystore.com\/?page_id=3"},"modified":"2023-03-02T16:16:16","modified_gmt":"2023-03-02T16:16:16","slug":"politica-privacidade","status":"publish","type":"page","link":"https:\/\/rollystore.com\/en\/politica-privacidade\/","title":{"rendered":"Pol\u00edtica de Privacidade"},"content":{"rendered":"<p>A prote\u00e7\u00e3o dos seus dados pessoais s\u00e3o uma prioridade e compromisso fundamental assumido por n\u00f3s, no qual a Rollystore Lda. se compromete a assegurar o melhor n\u00edvel de prote\u00e7\u00e3o dos seus dados pessoais.<\/p>\n\n\n\n<p>Para prestar o seu servi\u00e7o, a Rollystore Lda. recolhe dados de car\u00e1ter pessoal dos seus clientes. A recolha de dados efetua-se no site, atrav\u00e9s de formul\u00e1rios e \u00e1rea de membros, por e-mail, telefone ou aquando da rece\u00e7\u00e3o da encomenda em papel.<\/p>\n\n\n\n<p>Este documento tem o objetivo de dar informa\u00e7\u00e3o completa acerca da utiliza\u00e7\u00e3o operada pela Rollystore Lda. dos dados pessoais dos seus clientes.<\/p>\n\n\n\n<p>A Rollystore Lda., enquanto respons\u00e1vel pelo tratamento dos dados, compromete-se a respeitar as disposi\u00e7\u00f5es legais do regulamento (UE) n\u00b02016\/679 de 27 abril 2016 relativo \u00e0 prote\u00e7\u00e3o de dados pessoais.<\/p>\n\n\n\n<p>A Pol\u00edtica de Privacidade &amp; Cookies da Rollystore Lda. serve para uma clara compreens\u00e3o de como recolhemos, usamos, partilhamos e protegemos os dados pessoais dos nossos clientes quando usam os nossos servi\u00e7os ou visitam o nosso site.<br><br>A Rollystore Lda. n\u00e3o comercializa dados pessoais de clientes ou utilizadores.<\/p>\n\n\n\n<p><strong>I. Respons\u00e1vel pelo tratamento dos dados pessoais<\/strong><\/p>\n\n\n\n<p>A Rollystore Lda., com sede na Zona Industrial de Cedrim, Lote 21, 3740-023, Cedrim e n\u00famero de identifica\u00e7\u00e3o fiscal (NIF) 507 055 012, doravante abreviadamente designada por Rollystore, \u00e9 respons\u00e1vel pelo tratamento dos dados facultados pelo Cliente e garante a sua seguran\u00e7a e o tratamento confidencial, em conformidade com o disposto no Regulamento Geral de Prote\u00e7\u00e3o de Dados (\u201cRGPD\u201d) e em qualquer outra legisla\u00e7\u00e3o aplic\u00e1vel.<\/p>\n\n\n\n<p>Poder\u00e1 contactar connosco atrav\u00e9s destes contactos:<\/p>\n\n\n\n<p>Tel:\u00a0+351 234 560 480 (Chamada para rede fixa nacional)<\/p>\n\n\n\n<p>E-mail:&nbsp;marketing@rollystore.com<\/p>\n\n\n\n<p>O nosso hor\u00e1rio de atendimento: de 2\u00aa feira a 6\u00aa Feira das 08h30 \u00e0s 17h30.<\/p>\n\n\n\n<p><strong>II. Tratamento de dados pessoais<\/strong><\/p>\n\n\n\n<p>Os dados fornecidos na rela\u00e7\u00e3o estabelecida com a Rollystore s\u00e3o tratados em conformidade com os preceitos legalmente aplic\u00e1veis, sendo nomeadamente:<\/p>\n\n\n\n<p>&#8211; Tratados de forma l\u00edcita, leal e transparente;<\/p>\n\n\n\n<p>&#8211; Recolhidos para finalidades determinadas, expl\u00edcitas e leg\u00edtimas e n\u00e3o ser\u00e3o tratados posteriormente de uma forma incompat\u00edvel com essas finalidades;<\/p>\n\n\n\n<p>&#8211; Adequados, pertinentes e limitados ao que \u00e9 necess\u00e1rio relativamente \u00e0s finalidades para as quais s\u00e3o tratados;<\/p>\n\n\n\n<p>&#8211; Exatos e, se necess\u00e1rio, atualizados, devendo ser tomadas as medidas adequadas para assegurar que sejam apagados ou retificados os dados inexatos ou incompletos, tendo em conta as finalidades para que foram recolhidos ou para que s\u00e3o tratados posteriormente;<\/p>\n\n\n\n<p>&#8211; Conservados de forma a permitir a identifica\u00e7\u00e3o dos seus titulares apenas durante o per\u00edodo estritamente necess\u00e1rio e dentro do legalmente permitido para a prossecu\u00e7\u00e3o das finalidades de recolha ou do tratamento posterior;<\/p>\n\n\n\n<p><strong>III. Finalidades e fundamento do tratamento dos dados pessoais e crit\u00e9rios para fixa\u00e7\u00e3o dos prazos de conserva\u00e7\u00e3o respetivos<\/strong><\/p>\n\n\n\n<p>Em geral, os dados pessoais recolhidos t\u00eam como fundamento e destinam-se \u00e0 gest\u00e3o da rela\u00e7\u00e3o contratual, \u00e0 presta\u00e7\u00e3o dos servi\u00e7os contratados, \u00e0 adequa\u00e7\u00e3o dos servi\u00e7os \u00e0s necessidades e interesses do Cliente \/ Utilizador, nomeadamente para efeitos de acesso a funcionalidades espec\u00edficas dos produtos, a sugest\u00f5es de produtos, a\u00e7\u00f5es de informa\u00e7\u00e3o e marketing.<\/p>\n\n\n\n<p>Adicionalmente, os dados pessoais poder\u00e3o, ainda, ser tratados para efeitos de cumprimento de obriga\u00e7\u00f5es legais e para fins de investiga\u00e7\u00e3o, dete\u00e7\u00e3o e repress\u00e3o de crimes graves.<\/p>\n\n\n\n<p>Sem preju\u00edzo da informa\u00e7\u00e3o adicional prestada aquando da recolha dos dados, a Rollystore poder\u00e1 ainda, desde que legalmente admiss\u00edvel, utilizar os dados pessoais fornecidos pelo titular para outras finalidades, tais como para efeitos do envio de reclama\u00e7\u00f5es e sugest\u00f5es, difus\u00e3o de informa\u00e7\u00f5es institucionais do e\/ou dar a conhecer campanhas, promo\u00e7\u00f5es, publicidade e not\u00edcias sobre os produtos e\/ou servi\u00e7os, bem como para a realiza\u00e7\u00e3o de estudos de mercado ou inqu\u00e9ritos de avalia\u00e7\u00e3o.<\/p>\n\n\n\n<p><strong>IV. Comunica\u00e7\u00e3o de dados<\/strong><\/p>\n\n\n\n<p>Os Dados Pessoais poder\u00e3o ser comunicados a outras empresas que prestem servi\u00e7os \u00e0 Rollystore, nomeadamente em termos de a\u00e7\u00f5es de marketing e comunica\u00e7\u00e3o, cujos dados de identifica\u00e7\u00e3o e contacto podem ser, em todo o momento, solicitados ao Encarregado de Prote\u00e7\u00e3o dos Dados Pessoais, podendo ser tratados por outras entidades a quem a Rollystore tenha subcontratado o seu processamento.<\/p>\n\n\n\n<p>Para efeitos das finalidades descritas e em cumprimento de obriga\u00e7\u00e3o legal, os Dados Pessoais poder\u00e3o ser transmitidos a autoridades judiciais, administrativas, de supervis\u00e3o ou regulat\u00f3rias, e ainda \u00e0s entidades, que enquadrem ou realizem, licitamente, a\u00e7\u00f5es de compila\u00e7\u00e3o de dados, a\u00e7\u00f5es de preven\u00e7\u00e3o e combate \u00e0 fraude, estudos de mercado ou estudos estat\u00edsticos.<\/p>\n\n\n\n<p><strong>V. Direitos do titular dos dados<\/strong><\/p>\n\n\n\n<p>O titular dos Dados Pessoais tem direito a solicitar \u00e0 Rollystore, mediante pedido escrito dirigido ao Encarregado de Prote\u00e7\u00e3o dos Dados Pessoais:<\/p>\n\n\n\n<p>&#8211; O acesso, nos termos e condi\u00e7\u00f5es legalmente previstos, aos Dados Pessoais que lhe digam respeito e que sejam objeto de tratamento pela mesma;<\/p>\n\n\n\n<p>&#8211; A corre\u00e7\u00e3o ou atualiza\u00e7\u00e3o de Dados Pessoais inexatos ou desatualizados que lhe respeitem;<\/p>\n\n\n\n<p>&#8211; O tratamento de Dados Pessoais em falta quando aqueles se mostrem incompletos;<\/p>\n\n\n\n<p>&#8211; O apagamento, nos casos especificamente previstos na lei, de Dados Pessoais que lhe digam respeito;<\/p>\n\n\n\n<p>&#8211; A limita\u00e7\u00e3o, verificadas as condi\u00e7\u00f5es previstas na lei, do tratamento de Dados Pessoais no que lhe diga respeito.<\/p>\n\n\n\n<p>&#8211; Mediante pedido escrito, dirigido ao Encarregado de Prote\u00e7\u00e3o dos Dados Pessoais, o titular dos Dados Pessoais tem, ainda, direito a:<\/p>\n\n\n\n<p>&#8211; O titular dos Dados Pessoais pode, ainda, solicitar, ao Encarregado de Prote\u00e7\u00e3o dos Dados Pessoais, informa\u00e7\u00e3o mais detalhada, designadamente sobre as finalidades, fundamentos de licitude e prazos de conserva\u00e7\u00e3o e, bem assim, apresentar-lhe reclama\u00e7\u00f5es sobre o modo como os seus Dados Pessoais s\u00e3o tratados, sem preju\u00edzo de o poder fazer, tamb\u00e9m, junto da Autoridade competente.<\/p>\n\n\n\n<p>&#8211; Retirar o consentimento prestado, quando o tratamento de dados se fundar, apenas, em consentimento;<\/p>\n\n\n\n<p>&#8211; Opor-se ao tratamento por motivos relacionados com a sua situa\u00e7\u00e3o particular, quando o tratamento de dados se fundar em interesse leg\u00edtimo do respons\u00e1vel pelo tratamento.<\/p>\n\n\n\n<p>&#8211; Receber do respons\u00e1vel pelo tratamento, em formato digital de uso corrente e leitura autom\u00e1tica, os dados pessoais que lhe digam respeito e que tenham sido, por si, fornecidos, tratados por meios automatizados com fundamento em consentimento prestado pelo titular dos dados ou, em contrato celebrado, podendo solicitar, por escrito, a respetiva transmiss\u00e3o diretamente para outro respons\u00e1vel, sempre que tal se mostre tecnicamente poss\u00edvel.<\/p>\n\n\n\n<p><strong>VI. Seguran\u00e7a dos dados pessoais<\/strong><\/p>\n\n\n\n<p>Os Dados Pessoais poder\u00e3o ser comunicados a outras empresas que prestem servi\u00e7os \u00e0 Rollystore, cujos dados de identifica\u00e7\u00e3o e contacto podem ser, em todo o momento, solicitados ao Encarregado de Prote\u00e7\u00e3o dos Dados Pessoais, podendo ser tratados por outras entidades a quem a Rollystore tenha subcontratado o seu processamento.<\/p>\n\n\n\n<p>Para efeitos das finalidades descritas e em cumprimento de obriga\u00e7\u00e3o legal, os Dados Pessoais poder\u00e3o ser transmitidos a autoridades judiciais, administrativas, de supervis\u00e3o ou regulat\u00f3rias, e ainda \u00e0s entidades, que enquadrem ou realizem, licitamente, a\u00e7\u00f5es de compila\u00e7\u00e3o de dados, a\u00e7\u00f5es de preven\u00e7\u00e3o e combate \u00e0 fraude, estudos de mercado ou estudos estat\u00edsticos ou t\u00e9cnico-atuariais.<\/p>\n\n\n\n<p><strong>VII. Cookies<\/strong><\/p>\n\n\n\n<p>A Rollystore pode utilizar cookies quando o utilizador tem acesso \u00e0s p\u00e1ginas do s\u00edtio rollystore.com. Os cookies s\u00e3o informa\u00e7\u00f5es de dados enviadas do servidor Web para o programa de navega\u00e7\u00e3o, que ficam armazenadas no computador do utilizador, sendo o uso de cookies necess\u00e1rio para a presta\u00e7\u00e3o de servi\u00e7os de personaliza\u00e7\u00e3o. Os cookies n\u00e3o proporcionam refer\u00eancias que permitam deduzir o nome e o sobrenome do utilizador, mas possibilitam tra\u00e7ar padr\u00f5es de utiliza\u00e7\u00e3o de forma a podermos responder melhor aos interesses dos utilizadores.<\/p>\n\n\n\n<p><strong>VIII. Altera\u00e7\u00f5es \u00e0 pol\u00edtica de privacidade<\/strong><\/p>\n\n\n\n<p>A presente Pol\u00edtica de Privacidade poder\u00e1 ser alterada periodicamente, mediante publica\u00e7\u00e3o no site da Rollystore, sem necessidade de consentimento pr\u00e9vio e expresso do titular dos dados.<\/p>\n\n\n\n<p>Quaisquer altera\u00e7\u00f5es de car\u00e1cter significativo ser\u00e3o comunicadas com o grau de publicidade correspondente \u00e0 sua relev\u00e2ncia, seja mediante destaque na publica\u00e7\u00e3o online, seja, caso a relev\u00e2ncia o justifique, mediante comunica\u00e7\u00e3o individualizada aos titulares dos dados.<\/p>","protected":false},"excerpt":{"rendered":"<p>A prote\u00e7\u00e3o dos seus dados pessoais s\u00e3o uma prioridade e compromisso fundamental assumido por n\u00f3s, no qual a Rollystore Lda. se compromete a assegurar o melhor<span class=\"excerpt-hellip\"> [\u2026]<\/span><\/p>","protected":false},"author":1,"featured_media":0,"parent":0,"menu_order":25,"comment_status":"closed","ping_status":"open","template":"","meta":[],"_links":{"self":[{"href":"https:\/\/rollystore.com\/en\/wp-json\/wp\/v2\/pages\/3"}],"collection":[{"href":"https:\/\/rollystore.com\/en\/wp-json\/wp\/v2\/pages"}],"about":[{"href":"https:\/\/rollystore.com\/en\/wp-json\/wp\/v2\/types\/page"}],"author":[{"embeddable":true,"href":"https:\/\/rollystore.com\/en\/wp-json\/wp\/v2\/users\/1"}],"replies":[{"embeddable":true,"href":"https:\/\/rollystore.com\/en\/wp-json\/wp\/v2\/comments?post=3"}],"version-history":[{"count":4,"href":"https:\/\/rollystore.com\/en\/wp-json\/wp\/v2\/pages\/3\/revisions"}],"predecessor-version":[{"id":819,"href":"https:\/\/rollystore.com\/en\/wp-json\/wp\/v2\/pages\/3\/revisions\/819"}],"wp:attachment":[{"href":"https:\/\/rollystore.com\/en\/wp-json\/wp\/v2\/media?parent=3"}],"curies":[{"name":"wp","href":"https:\/\/api.w.org\/{rel}","templated":true}]}}