{"id":800,"date":"2021-05-21T11:21:25","date_gmt":"2021-05-21T11:21:25","guid":{"rendered":"https:\/\/rollystore.com\/?page_id=800"},"modified":"2021-05-21T11:21:29","modified_gmt":"2021-05-21T11:21:29","slug":"termos-condicoes-de-utilizacao","status":"publish","type":"page","link":"https:\/\/rollystore.com\/fr\/termos-condicoes-de-utilizacao\/","title":{"rendered":"Termos &#038; Condi\u00e7\u00f5es de Utiliza\u00e7\u00e3o"},"content":{"rendered":"<p>As presentes Condi\u00e7\u00f5es Gerais de Utiliza\u00e7\u00e3o regulam a utiliza\u00e7\u00e3o da p\u00e1gina web rollystore.com que a Rollystore coloca \u00e0 disposi\u00e7\u00e3o dos utilizadores da Internet.<\/p>\n\n\n\n<p>I. Avisos legais<\/p>\n\n\n\n<p>Ao aceder a este site o utilizador deve tomar conhecimento das seguintes disposi\u00e7\u00f5es aplic\u00e1veis a cada um dos documentos, informa\u00e7\u00f5es, dados e requisitos que nele se encontram e que \u00e9 propriedade da Rollystore, Lda., pessoa coletiva 507&nbsp;055 012, com sede em Zona Industrial de Cedrim, Lote 21, 3740-023, Cedrim, doravante abreviadamente designada por Rollystore.<\/p>\n\n\n\n<p>II. Condi\u00e7\u00f5es de utiliza\u00e7\u00e3o do site<\/p>\n\n\n\n<p>Atrav\u00e9s deste site, a Rollystore pretende inform\u00e1-lo sobre os servi\u00e7os e produtos que comercializa.<\/p>\n\n\n\n<p>A Rollystore n\u00e3o se responsabiliza por quaisquer preju\u00edzos ou danos materiais ou pessoais que possam advir, direta ou indiretamente, da utiliza\u00e7\u00e3o da informa\u00e7\u00e3o disponibilizada, sendo o utilizador o \u00fanico e exclusivo respons\u00e1vel por todas as decis\u00f5es tomadas com base nessa informa\u00e7\u00e3o.<\/p>\n\n\n\n<p>Atrav\u00e9s do site rollystore.com, o utilizador poder\u00e1 aceder a outros sites na internet de empresas, de institui\u00e7\u00f5es oficiais e de organiza\u00e7\u00f5es relacionadas com a sua atividade, em Portugal desde que autorizados pelas respetivas entidades.<\/p>\n\n\n\n<p>Os direitos de propriedade intelectual sobre todos os conte\u00fados deste site, exceto os que sejam fornecidos por entidades externas devidamente identificadas, s\u00e3o perten\u00e7a da Rollystore, incluindo as informa\u00e7\u00f5es, as ferramentas, o desenho gr\u00e1fico das p\u00e1ginas na Internet, com todos os seus componentes, e todas as figuras, gr\u00e1ficos ou textos.<\/p>\n\n\n\n<p>A Rollystore n\u00e3o assume qualquer responsabilidade pelos preju\u00edzos decorrentes de eventuais situa\u00e7\u00f5es de impossibilidade, atraso, suspens\u00e3o ou interrup\u00e7\u00e3o no acesso ao rollystore.com em virtude de falhas t\u00e9cnicas ou outros motivos. A Rollystore n\u00e3o garante que o acesso ao site n\u00e3o sofra interrup\u00e7\u00f5es ou perturba\u00e7\u00f5es resultantes de problemas t\u00e9cnicos.<\/p>\n\n\n\n<p>N\u00e3o \u00e9 permitida a reprodu\u00e7\u00e3o total ou parcial de qualquer informa\u00e7\u00e3o ou conte\u00fado do site rollystore.com, nem o seu aluguer ou venda, sem autoriza\u00e7\u00e3o pr\u00e9via da Rollystore ou das entidades externas fornecedoras de informa\u00e7\u00e3o devidamente identificadas.<\/p>\n\n\n\n<p>A Rollystore reserva-se o direito de completar, modificar ou suprimir as informa\u00e7\u00f5es contidas nas p\u00e1ginas do site.<\/p>\n\n\n\n<p>A Rollystore n\u00e3o pode garantir a total imunidade do seu site a ataques de hackers e v\u00edrus ou outros softwares de intrus\u00e3o.<\/p>\n\n\n\n<p>Algumas p\u00e1ginas deste site utilizam cookies e javascript. A inibi\u00e7\u00e3o da utiliza\u00e7\u00e3o destes componentes pode constituir obst\u00e1culo \u00e0 navega\u00e7\u00e3o e \u00e0 utiliza\u00e7\u00e3o das funcionalidades do site. Para saber mais sobre o que s\u00e3o cookies, bem como de que modo pode geri-los ou impedir a sua utiliza\u00e7\u00e3o no seu Dispositivo, visite www.allaboutcookies.org, no qual poder\u00e1 encontrar informa\u00e7\u00f5es sobre como modificar as configura\u00e7\u00f5es aplic\u00e1veis ao browser que utilizar.<\/p>\n\n\n\n<p>O acesso ou a utiliza\u00e7\u00e3o do rollystore.com implica a aceita\u00e7\u00e3o pelo utilizador das condi\u00e7\u00f5es anteriormente referidas.<\/p>","protected":false},"excerpt":{"rendered":"<p>As presentes Condi\u00e7\u00f5es Gerais de Utiliza\u00e7\u00e3o regulam a utiliza\u00e7\u00e3o da p\u00e1gina web rollystore.com que a Rollystore coloca \u00e0 disposi\u00e7\u00e3o dos utilizadores da Internet. I. Avisos legais<span class=\"excerpt-hellip\"> [\u2026]<\/span><\/p>","protected":false},"author":1,"featured_media":0,"parent":0,"menu_order":0,"comment_status":"closed","ping_status":"closed","template":"","meta":[],"_links":{"self":[{"href":"https:\/\/rollystore.com\/fr\/wp-json\/wp\/v2\/pages\/800"}],"collection":[{"href":"https:\/\/rollystore.com\/fr\/wp-json\/wp\/v2\/pages"}],"about":[{"href":"https:\/\/rollystore.com\/fr\/wp-json\/wp\/v2\/types\/page"}],"author":[{"embeddable":true,"href":"https:\/\/rollystore.com\/fr\/wp-json\/wp\/v2\/users\/1"}],"replies":[{"embeddable":true,"href":"https:\/\/rollystore.com\/fr\/wp-json\/wp\/v2\/comments?post=800"}],"version-history":[{"count":1,"href":"https:\/\/rollystore.com\/fr\/wp-json\/wp\/v2\/pages\/800\/revisions"}],"predecessor-version":[{"id":801,"href":"https:\/\/rollystore.com\/fr\/wp-json\/wp\/v2\/pages\/800\/revisions\/801"}],"wp:attachment":[{"href":"https:\/\/rollystore.com\/fr\/wp-json\/wp\/v2\/media?parent=800"}],"curies":[{"name":"wp","href":"https:\/\/api.w.org\/{rel}","templated":true}]}}